{"id":15,"date":"2024-07-03T21:07:35","date_gmt":"2024-07-03T21:07:35","guid":{"rendered":"https:\/\/mestreirineu.agenciacronus.com.br\/?page_id=15"},"modified":"2024-07-04T17:13:28","modified_gmt":"2024-07-04T17:13:28","slug":"home","status":"publish","type":"page","link":"https:\/\/mestreirineu.agenciacronus.com.br\/","title":{"rendered":"Home"},"content":{"rendered":"<section class=\"l-section wpb_row height_medium color_primary with_img\"><div class=\"l-section-img\" role=\"img\" data-img-width=\"1920\" data-img-height=\"1080\" style=\"background-image: url(https:\/\/mestreirineu.agenciacronus.com.br\/wp-content\/uploads\/2024\/07\/jagube.jpg);\"><\/div><div class=\"l-section-overlay\" style=\"background:rgba(0,0,0,0.50)\"><\/div><div class=\"l-section-h i-cf\"><div class=\"g-cols vc_row via_grid cols_2 laptops-cols_inherit tablets-cols_1 mobiles-cols_1 valign_middle type_default stacking_default\" style=\"--gap:4vw;\"><div class=\"wpb_column vc_column_container us_custom_6676a6e7\"><div class=\"vc_column-inner\"><h1 class=\"w-text us_custom_2774bef1\"><span class=\"w-text-h\"><span class=\"w-text-value\">Grava\u00e7\u00e3o do Hin\u00e1rio do Mestre Irineu<\/span><\/span><\/h1><div class=\"w-separator size_medium\"><\/div><div class=\"wpb_text_column\"><div class=\"wpb_wrapper\"><p>Seja bem-vindo ao nosso site! Aqui, voc\u00ea pode acessar a grava\u00e7\u00e3o completa do Hin\u00e1rio do Mestre Irineu, o &#8216;Cruzeiro Universal&#8217;. Este projeto, idealizado pelos m\u00fasicos Gabriel Knoedt e Gustavo Camargo, foi poss\u00edvel gra\u00e7as ao apoio generoso de nossa comunidade atrav\u00e9s de uma campanha de financiamento coletivo.<\/p>\n<\/div><\/div><div class=\"w-separator size_medium\"><\/div><div class=\"w-btn-wrapper align_justify\"><a class=\"w-btn us-btn-style_1 us_custom_510ba617 icon_atleft\" href=\"#modal-login\"><i class=\"fas fa-play\"><\/i><span class=\"w-btn-label\">Ouvir &#8220;O Cruzeiro Universal&#8221;<\/span><\/a><\/div><\/div><\/div><div class=\"wpb_column vc_column_container\"><div class=\"vc_column-inner\"><div class=\"w-image us_custom_be776f20 style_shadow-2 has_ratio align_none\"><div class=\"w-image-h\"><div style=\"padding-bottom:100%\"><\/div><div class=\"w-image-shadow\" style=\"background-image:url(https:\/\/mestreirineu.agenciacronus.com.br\/wp-content\/uploads\/2024\/07\/Mestre_03-1.png);\"><\/div><img decoding=\"async\" width=\"778\" height=\"1024\" src=\"https:\/\/mestreirineu.agenciacronus.com.br\/wp-content\/uploads\/2024\/07\/Mestre_03-1.png\" class=\"attachment-large size-large\" alt=\"\" loading=\"lazy\" srcset=\"https:\/\/mestreirineu.agenciacronus.com.br\/wp-content\/uploads\/2024\/07\/Mestre_03-1.png 778w, https:\/\/mestreirineu.agenciacronus.com.br\/wp-content\/uploads\/2024\/07\/Mestre_03-1-228x300.png 228w\" sizes=\"auto, (max-width: 778px) 100vw, 778px\" \/><\/div><\/div><\/div><\/div><\/div><\/div><\/section><section class=\"l-section wpb_row height_auto color_primary\"><div class=\"l-section-overlay\" style=\"background:#00882e\"><\/div><div class=\"l-section-h i-cf\"><div class=\"g-cols vc_row via_grid cols_2 laptops-cols_inherit tablets-cols_1 mobiles-cols_1 valign_middle type_default stacking_default\" style=\"--gap:0px;\"><div class=\"wpb_column vc_column_container\"><div class=\"vc_column-inner\"><div class=\"w-separator size_huge\"><\/div><div class=\"wpb_text_column us_custom_bc4b2cb4\"><div class=\"wpb_wrapper\"><h2>O Projeto<\/h2>\n<p>&#8220;O &#8216;Cruzeiro Universal&#8217; \u00e9 um hin\u00e1rio de grande significado espiritual, composto por Mestre Irineu, fundador do Santo Daime. A grava\u00e7\u00e3o deste hin\u00e1rio \u00e9 uma homenagem ao legado de Mestre Irineu e um presente para todos os que seguem esta doutrina. Gabriel Knoedt e Gustavo Camargo, dedicados m\u00fasicos e devotos, lideraram este projeto com o objetivo de preservar e compartilhar essa obra divina. Agradecemos a todos que contribu\u00edram para a realiza\u00e7\u00e3o deste sonho<\/p>\n<\/div><\/div><div class=\"w-separator size_huge\"><\/div><\/div><\/div><div class=\"wpb_column vc_column_container us_custom_9a95f800 has_bg_color stretched\"><div class=\"vc_column-inner\"><\/div><\/div><\/div><\/div><\/section><section class=\"l-section wpb_row height_medium\"><div class=\"l-section-h i-cf\"><div class=\"g-cols vc_row via_grid cols_1 laptops-cols_inherit tablets-cols_inherit mobiles-cols_1 valign_top type_default stacking_default\" style=\"--gap:4rem;\"><div class=\"wpb_column vc_column_container us_custom_ce836b37 has_text_color has_bg_color\"><div class=\"vc_column-overlay\" style=\"background:#00882e\"><\/div><div class=\"vc_column-inner\"><div class=\"wpb_text_column\"><div class=\"wpb_wrapper\"><h2>Como ter acesso completo<\/h2>\n<p><strong>Para acessar a grava\u00e7\u00e3o do &#8216;Cruzeiro Universal&#8217;, siga estes passos simples:<\/strong><\/p>\n<\/div><\/div><div class=\"w-separator size_large\"><\/div><div class=\"g-cols wpb_row via_grid cols_3 laptops-cols_inherit tablets-cols_1 mobiles-cols_1 valign_top type_default\" style=\"--gap:3rem;\"><div class=\"wpb_column vc_column_container\"><div class=\"vc_column-inner\"><div class=\"w-text us_custom_25e05924 has_text_color\"><span class=\"w-text-h\"><span class=\"w-text-value\">01<\/span><\/span><\/div><div class=\"wpb_text_column\"><div class=\"wpb_wrapper\"><h4>Cadastre-se:<\/h4>\n<p>Preencha seus dados no formul\u00e1rio abaixo para se cadastrar<\/p>\n<\/div><\/div><\/div><\/div><div class=\"wpb_column vc_column_container\"><div class=\"vc_column-inner\"><div class=\"w-text us_custom_25e05924 has_text_color\"><span class=\"w-text-h\"><span class=\"w-text-value\">02<\/span><\/span><\/div><div class=\"wpb_text_column\"><div class=\"wpb_wrapper\"><h4>Confirma\u00e7\u00e3o<\/h4>\n<p>Voc\u00ea receber\u00e1 um e-mail de confirma\u00e7\u00e3o. Clique no link para ativar sua conta.<\/p>\n<\/div><\/div><\/div><\/div><div class=\"wpb_column vc_column_container\"><div class=\"vc_column-inner\"><div class=\"w-text us_custom_25e05924 has_text_color\"><span class=\"w-text-h\"><span class=\"w-text-value\">03<\/span><\/span><\/div><div class=\"wpb_text_column\"><div class=\"wpb_wrapper\"><h5>Acesso ao Player<\/h5>\n<p>Ap\u00f3s a ativa\u00e7\u00e3o, fa\u00e7a login no site e acesse o player exclusivo para ouvir o hin\u00e1rio completo.<\/p>\n<\/div><\/div><\/div><\/div><\/div><div class=\"w-separator size_large\"><\/div><div class=\"wpb_text_column\"><div class=\"wpb_wrapper\"><h6>Nosso objetivo \u00e9 proporcionar uma experi\u00eancia espiritual profunda e acess\u00edvel a todos. Cadastre-se e ou\u00e7a o Hin\u00e1rio do Mestre Irineu<\/h6>\n<\/div><\/div><\/div><\/div><\/div><\/div><\/section><section class=\"l-section wpb_row height_medium\"><div class=\"l-section-h i-cf\"><div class=\"g-cols vc_row via_grid cols_1 laptops-cols_inherit tablets-cols_inherit mobiles-cols_1 valign_top type_default stacking_default\"><div class=\"wpb_column vc_column_container\"><div class=\"vc_column-inner\">\t<div class=\"w-account-login woocommerce style_default\" style=\"--title-size:Entrar;\">\r\n\t\t<div class=\"woocommerce-notices-wrapper\"><\/div>\n\n<div class=\"u-columns col2-set\" id=\"customer_login\">\n\n\t<div class=\"u-column1 col-1\">\n\n\n\t\t<h2>Login<\/h2>\n\n\t\t<form class=\"woocommerce-form woocommerce-form-login login\" method=\"post\">\n\n\t\t\t\n\t\t\t<p class=\"woocommerce-form-row woocommerce-form-row--wide form-row form-row-wide\">\n\t\t\t\t<label for=\"username\">Username or email address&nbsp;<span class=\"required\">*<\/span><\/label>\n\t\t\t\t<input type=\"text\" class=\"woocommerce-Input woocommerce-Input--text input-text\" name=\"username\" id=\"username\" autocomplete=\"username\" value=\"\" \/>\t\t\t<\/p>\n\t\t\t<p class=\"woocommerce-form-row woocommerce-form-row--wide form-row form-row-wide\">\n\t\t\t\t<label for=\"password\">Password&nbsp;<span class=\"required\">*<\/span><\/label>\n\t\t\t\t<input class=\"woocommerce-Input woocommerce-Input--text input-text\" type=\"password\" name=\"password\" id=\"password\" autocomplete=\"current-password\" \/>\n\t\t\t<\/p>\n\n\t\t\t<input type=\"hidden\" name=\"rememberme\" value=\"forever\">\n\t\t\t<p class=\"form-row\">\n\t\t\t\t<label class=\"woocommerce-form__label woocommerce-form__label-for-checkbox woocommerce-form-login__rememberme\">\n\t\t\t\t\t<input class=\"woocommerce-form__input woocommerce-form__input-checkbox\" name=\"rememberme\" type=\"checkbox\" id=\"rememberme\" value=\"forever\" \/> <span>Remember me<\/span>\n\t\t\t\t<\/label>\n\t\t\t\t<input type=\"hidden\" id=\"woocommerce-login-nonce\" name=\"woocommerce-login-nonce\" value=\"7edee45159\" \/><input type=\"hidden\" name=\"_wp_http_referer\" value=\"\/index.php\/wp-json\/wp\/v2\/pages\/15\" \/>\t\t\t\t<button type=\"submit\" class=\"woocommerce-button button woocommerce-form-login__submit\" name=\"login\" value=\"Log in\">Log in<\/button>\n\t\t\t<\/p>\n\t\t\t<p class=\"woocommerce-LostPassword lost_password\">\n\t\t\t\t<a href=\"https:\/\/mestreirineu.agenciacronus.com.br\/index.php\/minha-conta\/lost-password\/\">Lost your password?<\/a>\n\t\t\t<\/p>\n\n\t\t\t\n\t\t<\/form>\n\n\n\t<\/div>\n\n\t<div class=\"u-column2 col-2\">\n\n\t\t<h2>Register<\/h2>\n\n\t\t<form method=\"post\" class=\"woocommerce-form woocommerce-form-register register\"  >\n\n\t\t\t\n\t\t\t\n\t\t\t<p class=\"woocommerce-form-row woocommerce-form-row--wide form-row form-row-wide\">\n\t\t\t\t<label for=\"reg_email\">Email address&nbsp;<span class=\"required\">*<\/span><\/label>\n\t\t\t\t<input type=\"email\" class=\"woocommerce-Input woocommerce-Input--text input-text\" name=\"email\" id=\"reg_email\" autocomplete=\"email\" value=\"\" \/>\t\t\t<\/p>\n\n\t\t\t\n\t\t\t\t<p>A link to set a new password will be sent to your email address.<\/p>\n\n\t\t\t\n\t\t\t<wc-order-attribution-inputs><\/wc-order-attribution-inputs><div class=\"woocommerce-privacy-policy-text\"><p>Seus dados pessoais ser\u00e3o usados para aprimorar a sua experi\u00eancia em todo este site, para gerenciar o acesso a sua conta e para outros prop\u00f3sitos, como descritos em nossa <a href=\"https:\/\/mestreirineu.agenciacronus.com.br\/?page_id=3\" class=\"woocommerce-privacy-policy-link\" target=\"_blank\">privacy policy<\/a>.<\/p>\n<\/div>\n\t\t\t<p class=\"woocommerce-form-row form-row\">\n\t\t\t\t<input type=\"hidden\" id=\"woocommerce-register-nonce\" name=\"woocommerce-register-nonce\" value=\"2f1dfab32c\" \/><input type=\"hidden\" name=\"_wp_http_referer\" value=\"\/index.php\/wp-json\/wp\/v2\/pages\/15\" \/>\t\t\t\t<button type=\"submit\" class=\"woocommerce-Button woocommerce-button button woocommerce-form-register__submit\" name=\"register\" value=\"Register\">Register<\/button>\n\t\t\t<\/p>\n\n\t\t\t\n\t\t<\/form>\n\n\t<\/div>\n\n<\/div>\n\n\t<\/div>\r\n\t<\/div><\/div><\/div><\/div><\/section><section class=\"l-section wpb_row height_medium\"><div class=\"l-section-h i-cf\"><div class=\"g-cols vc_row via_grid cols_1 laptops-cols_inherit tablets-cols_inherit mobiles-cols_1 valign_top type_default stacking_default\"><div class=\"wpb_column vc_column_container\"><div class=\"vc_column-inner\"><\/div><\/div><\/div><\/div><\/section>\n","protected":false},"excerpt":{"rendered":"Grava\u00e7\u00e3o do Hin\u00e1rio do Mestre IrineuSeja bem-vindo ao nosso site! Aqui, voc\u00ea pode acessar a grava\u00e7\u00e3o completa do Hin\u00e1rio do Mestre Irineu, o &#8216;Cruzeiro Universal&#8217;. Este projeto, idealizado pelos m\u00fasicos Gabriel Knoedt e Gustavo Camargo, foi poss\u00edvel gra\u00e7as ao apoio generoso de nossa comunidade atrav\u00e9s de uma campanha de financiamento coletivo. Ouvir &#8220;O Cruzeiro Universal&#8221;O...","protected":false},"author":1,"featured_media":0,"parent":0,"menu_order":0,"comment_status":"closed","ping_status":"closed","template":"","meta":{"_acf_changed":false,"footnotes":""},"class_list":["post-15","page","type-page","status-publish","hentry"],"acf":[],"_links":{"self":[{"href":"https:\/\/mestreirineu.agenciacronus.com.br\/index.php\/wp-json\/wp\/v2\/pages\/15","targetHints":{"allow":["GET"]}}],"collection":[{"href":"https:\/\/mestreirineu.agenciacronus.com.br\/index.php\/wp-json\/wp\/v2\/pages"}],"about":[{"href":"https:\/\/mestreirineu.agenciacronus.com.br\/index.php\/wp-json\/wp\/v2\/types\/page"}],"author":[{"embeddable":true,"href":"https:\/\/mestreirineu.agenciacronus.com.br\/index.php\/wp-json\/wp\/v2\/users\/1"}],"replies":[{"embeddable":true,"href":"https:\/\/mestreirineu.agenciacronus.com.br\/index.php\/wp-json\/wp\/v2\/comments?post=15"}],"version-history":[{"count":28,"href":"https:\/\/mestreirineu.agenciacronus.com.br\/index.php\/wp-json\/wp\/v2\/pages\/15\/revisions"}],"predecessor-version":[{"id":61,"href":"https:\/\/mestreirineu.agenciacronus.com.br\/index.php\/wp-json\/wp\/v2\/pages\/15\/revisions\/61"}],"wp:attachment":[{"href":"https:\/\/mestreirineu.agenciacronus.com.br\/index.php\/wp-json\/wp\/v2\/media?parent=15"}],"curies":[{"name":"wp","href":"https:\/\/api.w.org\/{rel}","templated":true}]}}